{"id":22,"date":"2025-12-04T21:46:09","date_gmt":"2025-12-04T21:46:09","guid":{"rendered":"https:\/\/compassionate-davinci.51-158-60-45.plesk.page\/?page_id=22"},"modified":"2025-12-04T21:46:09","modified_gmt":"2025-12-04T21:46:09","slug":"stockists","status":"publish","type":"page","link":"https:\/\/compassionate-davinci.51-158-60-45.plesk.page\/?page_id=22","title":{"rendered":"Stockistes"},"content":{"rendered":"<article class=\"sections\" id=\"sections\" data-page-sections=\"614f254f09dc287f0471fcfd\">\n<section\n  data-test=\"page-section\"\n  \n  data-section-theme=\"light\"\n  class='page-section \n    \n      layout-engine-section\n    \n    background-width--full-bleed\n    \n      section-height--medium\n    \n    \n    \n    horizontal-alignment--center\n    vertical-alignment--middle\n    \n      \n    \n    \n    light'\n  \n  data-section-id=\"614f254f09dc287f0471fd00\"\n  \n  data-controller=\"SectionWrapperController\"\n  data-current-styles=\"{\n  &quot;imageOverlayOpacity&quot;: 0.15,\n  &quot;backgroundWidth&quot;: &quot;background-width--full-bleed&quot;,\n  &quot;sectionHeight&quot;: &quot;section-height--medium&quot;,\n  &quot;customSectionHeight&quot;: 10,\n  &quot;horizontalAlignment&quot;: &quot;horizontal-alignment--center&quot;,\n  &quot;verticalAlignment&quot;: &quot;vertical-alignment--middle&quot;,\n  &quot;contentWidth&quot;: &quot;content-width--custom&quot;,\n  &quot;customContentWidth&quot;: 100,\n  &quot;sectionTheme&quot;: &quot;light&quot;,\n  &quot;sectionAnimation&quot;: &quot;none&quot;,\n  &quot;backgroundMode&quot;: &quot;image&quot;\n}\"\n  data-current-context=\"{\n  &quot;video&quot;: {\n    &quot;playbackSpeed&quot;: 0.5,\n    &quot;filter&quot;: 1,\n    &quot;filterStrength&quot;: 0,\n    &quot;zoom&quot;: 0,\n    &quot;videoSourceProvider&quot;: &quot;none&quot;\n  },\n  &quot;backgroundImageId&quot;: null,\n  &quot;backgroundMediaEffect&quot;: null,\n  &quot;divider&quot;: null,\n  &quot;typeName&quot;: null\n}\"\n  data-animation=\"none\"\n  \n   \n  \n    \n  \n  \n><\/p>\n<div\n    class=\"section-border\"\n    \n  ><\/p>\n<div class=\"section-background\"><\/div>\n<\/p><\/div>\n<div\n    class='content-wrapper'\n    style='\n      \n        \n      \n    '\n  ><\/p>\n<div\n      class=\"content\"\n       style=\"width: 100%;\" \n    ><\/p>\n<div class=\"sqs-layout sqs-grid-12 columns-12\" data-type=\"page-section\" id=\"page-section-614f254f09dc287f0471fd00\">\n<div class=\"row sqs-row\">\n<div class=\"col sqs-col-12 span-12\">\n<div class=\"sqs-block image-block sqs-block-image\" data-block-type=\"5\" id=\"block-1066fe48cf54e30058e7\">\n<div class=\"sqs-block-content\">\n<figure\n          class=\"\n            sqs-block-image-figure\n            image-block-outer-wrapper\n            image-block-v2\n            design-layout-card\n            combination-animation-none\n            individual-animation-none\n            individual-text-animation-none\n            image-position-right\n            \n          \"\n          data-scrolled\n          data-test=\"image-block-v2-outer-wrapper\"\n      ><\/p>\n<div class=\"intrinsic\">\n<div\n          \n              class=\"\n                \n                image-inset\"\n              data-animation-role=\"image\"\n              data-description=\"\"\n              \n  \n\n          ><\/p>\n<div class=\"sqs-image-shape-container-element\n              \n                content-fit\n              \n            \" style=\"\n              position: relative;\n              overflow: hidden;-webkit-mask-image: -webkit-radial-gradient(white, black);\n              \n            \"><\/p>\n<p>              <img data-stretch=\"false\" src=\"https:\/\/images.squarespace-cdn.com\/content\/v1\/5f6c84daf84a6b5247ea1028\/1600947562643-VJ877UHDADHX2ITNT22U\/image-asset.jpeg\" data-image=\"https:\/\/images.squarespace-cdn.com\/content\/v1\/5f6c84daf84a6b5247ea1028\/1600947562643-VJ877UHDADHX2ITNT22U\/image-asset.jpeg\" data-image-dimensions=\"1994x1994\" data-image-focal-point=\"0.5,0.5\" alt=\"\" data-load=\"false\" elementtiming=\"system-image-block\" src=\"https:\/\/images.squarespace-cdn.com\/content\/v1\/5f6c84daf84a6b5247ea1028\/1600947562643-VJ877UHDADHX2ITNT22U\/image-asset.jpeg\" width=\"1994\" height=\"1994\" alt=\"\" sizes=\"auto, (max-width: 640px) 100vw, (max-width: 767px) 100vw, 100vw\" style=\"display:block;object-fit: contain;\" onload=\"this.classList.add(&quot;loaded&quot;)\" srcset=\"https:\/\/images.squarespace-cdn.com\/content\/v1\/5f6c84daf84a6b5247ea1028\/1600947562643-VJ877UHDADHX2ITNT22U\/image-asset.jpeg?format=100w 100w, https:\/\/images.squarespace-cdn.com\/content\/v1\/5f6c84daf84a6b5247ea1028\/1600947562643-VJ877UHDADHX2ITNT22U\/image-asset.jpeg?format=300w 300w, https:\/\/images.squarespace-cdn.com\/content\/v1\/5f6c84daf84a6b5247ea1028\/1600947562643-VJ877UHDADHX2ITNT22U\/image-asset.jpeg?format=500w 500w, https:\/\/images.squarespace-cdn.com\/content\/v1\/5f6c84daf84a6b5247ea1028\/1600947562643-VJ877UHDADHX2ITNT22U\/image-asset.jpeg?format=750w 750w, https:\/\/images.squarespace-cdn.com\/content\/v1\/5f6c84daf84a6b5247ea1028\/1600947562643-VJ877UHDADHX2ITNT22U\/image-asset.jpeg?format=1000w 1000w, https:\/\/images.squarespace-cdn.com\/content\/v1\/5f6c84daf84a6b5247ea1028\/1600947562643-VJ877UHDADHX2ITNT22U\/image-asset.jpeg?format=1500w 1500w, https:\/\/images.squarespace-cdn.com\/content\/v1\/5f6c84daf84a6b5247ea1028\/1600947562643-VJ877UHDADHX2ITNT22U\/image-asset.jpeg?format=2500w 2500w\" loading=\"lazy\" decoding=\"async\" data-loader=\"sqs\"><\/p>\n<div class=\"image-overlay\" style=\"overflow: hidden;-webkit-mask-image: -webkit-radial-gradient(white, black);\"><\/div>\n<\/p><\/div>\n<\/p><\/div>\n<\/p><\/div><figcaption class=\"image-card-wrapper\" data-width-ratio>\n<div class=\"image-card sqs-dynamic-text-container\">\n<div class=\"image-title-wrapper\">\n<div class=\"image-title sqs-dynamic-text\"\n                \n  \n><\/p>\n<h2 style=\"white-space:pre-wrap;\">Nos revendeurs<\/h2>\n<\/div>\n<\/div>\n<div class=\"image-subtitle-wrapper\">\n<div class=\"image-subtitle sqs-dynamic-text\"\n                \n  \n><\/p>\n<p class=\"sqsrte-small\" style=\"white-space:pre-wrap;\"><strong>Nom de la boutique<\/strong><\/p>\n<p class=\"sqsrte-small\" style=\"white-space:pre-wrap;\">123 rue d\u00e9mo<br \/>New York, NY 12345<\/p>\n<p class=\"sqsrte-small\" style=\"white-space:pre-wrap;\"><strong><br \/>Nom de la boutique<\/strong><\/p>\n<p class=\"sqsrte-small\" style=\"white-space:pre-wrap;\">123 rue d\u00e9mo<br \/>New York, NY 12345<\/p>\n<p class=\"sqsrte-small\" style=\"white-space:pre-wrap;\"><strong><br \/>Nom de la boutique<\/strong><\/p>\n<p class=\"sqsrte-small\" style=\"white-space:pre-wrap;\">123 rue d\u00e9mo<br \/>New York, NY 12345<\/p>\n<\/div>\n<\/div><\/div>\n<\/figcaption><\/figure>\n<\/div>\n<\/div>\n<\/div>\n<\/div>\n<\/div><\/div>\n<\/p><\/div>\n<\/section>\n<\/article>\n","protected":false},"excerpt":{"rendered":"<p>Nos revendeurs Nom de la boutique 123 rue d\u00e9moNew York, NY 12345 Nom de la boutique 123 rue d\u00e9moNew York, NY 12345 Nom de la boutique 123 rue d\u00e9moNew York, NY 12345<\/p>\n","protected":false},"author":1,"featured_media":0,"parent":0,"menu_order":0,"comment_status":"closed","ping_status":"closed","template":"","meta":{"footnotes":""},"class_list":["post-22","page","type-page","status-publish","hentry"],"_links":{"self":[{"href":"https:\/\/compassionate-davinci.51-158-60-45.plesk.page\/index.php?rest_route=\/wp\/v2\/pages\/22","targetHints":{"allow":["GET"]}}],"collection":[{"href":"https:\/\/compassionate-davinci.51-158-60-45.plesk.page\/index.php?rest_route=\/wp\/v2\/pages"}],"about":[{"href":"https:\/\/compassionate-davinci.51-158-60-45.plesk.page\/index.php?rest_route=\/wp\/v2\/types\/page"}],"author":[{"embeddable":true,"href":"https:\/\/compassionate-davinci.51-158-60-45.plesk.page\/index.php?rest_route=\/wp\/v2\/users\/1"}],"replies":[{"embeddable":true,"href":"https:\/\/compassionate-davinci.51-158-60-45.plesk.page\/index.php?rest_route=%2Fwp%2Fv2%2Fcomments&post=22"}],"version-history":[{"count":0,"href":"https:\/\/compassionate-davinci.51-158-60-45.plesk.page\/index.php?rest_route=\/wp\/v2\/pages\/22\/revisions"}],"wp:attachment":[{"href":"https:\/\/compassionate-davinci.51-158-60-45.plesk.page\/index.php?rest_route=%2Fwp%2Fv2%2Fmedia&parent=22"}],"curies":[{"name":"wp","href":"https:\/\/api.w.org\/{rel}","templated":true}]}}