{"id":19,"date":"2025-12-04T21:46:09","date_gmt":"2025-12-04T21:46:09","guid":{"rendered":"https:\/\/compassionate-davinci.51-158-60-45.plesk.page\/?page_id=19"},"modified":"2025-12-04T21:46:09","modified_gmt":"2025-12-04T21:46:09","slug":"about","status":"publish","type":"page","link":"https:\/\/compassionate-davinci.51-158-60-45.plesk.page\/?page_id=19","title":{"rendered":"\u00c0 propos"},"content":{"rendered":"<article class=\"sections\" id=\"sections\" data-page-sections=\"614f24dae618cb0349147c1e\">\n<section\n  data-test=\"page-section\"\n  \n  data-section-theme=\"light\"\n  class='page-section \n    \n      layout-engine-section\n    \n    background-width--full-bleed\n    \n      section-height--small\n    \n    \n    \n    horizontal-alignment--center\n    vertical-alignment--middle\n    \n      \n    \n    \n    light'\n  \n  data-section-id=\"614f24dae618cb0349147c21\"\n  \n  data-controller=\"SectionWrapperController\"\n  data-current-styles=\"{\n  &quot;imageOverlayOpacity&quot;: 0.15,\n  &quot;backgroundWidth&quot;: &quot;background-width--full-bleed&quot;,\n  &quot;sectionHeight&quot;: &quot;section-height--small&quot;,\n  &quot;customSectionHeight&quot;: 10,\n  &quot;horizontalAlignment&quot;: &quot;horizontal-alignment--center&quot;,\n  &quot;verticalAlignment&quot;: &quot;vertical-alignment--middle&quot;,\n  &quot;contentWidth&quot;: &quot;content-width--custom&quot;,\n  &quot;customContentWidth&quot;: 100,\n  &quot;sectionTheme&quot;: &quot;light&quot;,\n  &quot;sectionAnimation&quot;: &quot;none&quot;,\n  &quot;backgroundMode&quot;: &quot;image&quot;\n}\"\n  data-current-context=\"{\n  &quot;video&quot;: {\n    &quot;playbackSpeed&quot;: 0.5,\n    &quot;filter&quot;: 1,\n    &quot;filterStrength&quot;: 0,\n    &quot;zoom&quot;: 0,\n    &quot;videoSourceProvider&quot;: &quot;none&quot;\n  },\n  &quot;backgroundImageId&quot;: null,\n  &quot;backgroundMediaEffect&quot;: null,\n  &quot;divider&quot;: null,\n  &quot;typeName&quot;: null\n}\"\n  data-animation=\"none\"\n  \n   \n  \n    \n  \n  \n><\/p>\n<div\n    class=\"section-border\"\n    \n  ><\/p>\n<div class=\"section-background\"><\/div>\n<\/p><\/div>\n<div\n    class='content-wrapper'\n    style='\n      \n        \n      \n    '\n  ><\/p>\n<div\n      class=\"content\"\n       style=\"width: 100%;\" \n    ><\/p>\n<div class=\"sqs-layout sqs-grid-12 columns-12\" data-type=\"page-section\" id=\"page-section-614f24dae618cb0349147c21\">\n<div class=\"row sqs-row\">\n<div class=\"col sqs-col-12 span-12\">\n<div class=\"sqs-block image-block sqs-block-image\" data-block-type=\"5\" id=\"block-20b5f89683881ad21c52\">\n<div class=\"sqs-block-content\">\n<figure\n          class=\"\n            sqs-block-image-figure\n            image-block-outer-wrapper\n            image-block-v2\n            design-layout-card\n            combination-animation-collide\n            individual-animation-site-default\n            individual-text-animation-site-default\n            image-position-right\n            \n          \"\n          data-scrolled\n          data-test=\"image-block-v2-outer-wrapper\"\n      ><\/p>\n<div class=\"intrinsic\">\n<div\n          \n              class=\"\n                \n                image-inset\"\n              data-animation-role=\"image\"\n              data-description=\"\"\n              \n  data-animation-override\n\n          ><\/p>\n<div class=\"sqs-image-shape-container-element\n              \n                content-fit\n              \n            \" style=\"\n              position: relative;\n              overflow: hidden;-webkit-mask-image: -webkit-radial-gradient(white, black);\n              \n            \"><\/p>\n<p>              <img data-stretch=\"false\" src=\"https:\/\/images.squarespace-cdn.com\/content\/v1\/614f1dcd764ee04fc01b5579\/1632584514343-KHM49TYXSTZZLK5MJAJU\/unsplash-image-aHll22KZdJE.jpg\" data-image=\"https:\/\/images.squarespace-cdn.com\/content\/v1\/614f1dcd764ee04fc01b5579\/1632584514343-KHM49TYXSTZZLK5MJAJU\/unsplash-image-aHll22KZdJE.jpg\" data-image-dimensions=\"2500x1877\" data-image-focal-point=\"0.5,0.5\" alt=\"unsplash-image-aHll22KZdJE.jpg\" data-load=\"false\" elementtiming=\"system-image-block\" src=\"https:\/\/images.squarespace-cdn.com\/content\/v1\/614f1dcd764ee04fc01b5579\/1632584514343-KHM49TYXSTZZLK5MJAJU\/unsplash-image-aHll22KZdJE.jpg\" width=\"2500\" height=\"1877\" alt=\"\" sizes=\"auto, (max-width: 640px) 100vw, (max-width: 767px) 100vw, 100vw\" style=\"display:block;object-fit: contain;\" onload=\"this.classList.add(&quot;loaded&quot;)\" srcset=\"https:\/\/images.squarespace-cdn.com\/content\/v1\/614f1dcd764ee04fc01b5579\/1632584514343-KHM49TYXSTZZLK5MJAJU\/unsplash-image-aHll22KZdJE.jpg?format=100w 100w, https:\/\/images.squarespace-cdn.com\/content\/v1\/614f1dcd764ee04fc01b5579\/1632584514343-KHM49TYXSTZZLK5MJAJU\/unsplash-image-aHll22KZdJE.jpg?format=300w 300w, https:\/\/images.squarespace-cdn.com\/content\/v1\/614f1dcd764ee04fc01b5579\/1632584514343-KHM49TYXSTZZLK5MJAJU\/unsplash-image-aHll22KZdJE.jpg?format=500w 500w, https:\/\/images.squarespace-cdn.com\/content\/v1\/614f1dcd764ee04fc01b5579\/1632584514343-KHM49TYXSTZZLK5MJAJU\/unsplash-image-aHll22KZdJE.jpg?format=750w 750w, https:\/\/images.squarespace-cdn.com\/content\/v1\/614f1dcd764ee04fc01b5579\/1632584514343-KHM49TYXSTZZLK5MJAJU\/unsplash-image-aHll22KZdJE.jpg?format=1000w 1000w, https:\/\/images.squarespace-cdn.com\/content\/v1\/614f1dcd764ee04fc01b5579\/1632584514343-KHM49TYXSTZZLK5MJAJU\/unsplash-image-aHll22KZdJE.jpg?format=1500w 1500w, https:\/\/images.squarespace-cdn.com\/content\/v1\/614f1dcd764ee04fc01b5579\/1632584514343-KHM49TYXSTZZLK5MJAJU\/unsplash-image-aHll22KZdJE.jpg?format=2500w 2500w\" loading=\"lazy\" decoding=\"async\" data-loader=\"sqs\"><\/p>\n<div class=\"image-overlay\" style=\"overflow: hidden;-webkit-mask-image: -webkit-radial-gradient(white, black);\"><\/div>\n<\/p><\/div>\n<\/p><\/div>\n<\/p><\/div><figcaption class=\"image-card-wrapper\" data-width-ratio>\n<div class=\"image-card sqs-dynamic-text-container\">\n<div class=\"image-title-wrapper\">\n<div class=\"image-title sqs-dynamic-text\"\n                \n  data-animation-override\n><\/p>\n<p class=\"\" data-rte-preserve-empty=\"true\" style=\"white-space:pre-wrap;\">\n<h2 style=\"white-space:pre-wrap;\">Bruno Guigue \u00e9labore ses structures depuis 2010.<\/h2>\n<\/div>\n<\/div>\n<div class=\"image-subtitle-wrapper\">\n<div class=\"image-subtitle sqs-dynamic-text\"\n                \n  data-animation-override\n><\/p>\n<p class=\"\" style=\"white-space:pre-wrap;\">Acupuncteur, praticien depuis 25 ans en \u00e9nerg\u00e9tique traditionnelle chinoise et occidentale.<\/p>\n<p class=\"\" style=\"white-space:pre-wrap;\">Peut-\u00eatre voulez-vous cr\u00e9er une entreprise. Peut-\u00eatre voulez-vous donner une nouvelle dimension \u00e0 un passe-temps. Ou peut-\u00eatre avez-vous un projet cr\u00e9atif que vous souhaitez partager avec le monde. Quel que soit votre cas, la fa\u00e7on dont vous racontez votre histoire en ligne peut faire toute la diff\u00e9rence.<\/p>\n<p class=\"\" data-rte-preserve-empty=\"true\" style=\"white-space:pre-wrap;\">\n<\/div>\n<\/div><\/div>\n<\/figcaption><\/figure>\n<\/div>\n<\/div>\n<\/div>\n<\/div>\n<\/div><\/div>\n<\/p><\/div>\n<\/section>\n<section\n  data-test=\"page-section\"\n  \n  data-section-theme=\"light\"\n  class='page-section \n    \n      layout-engine-section\n    \n    background-width--full-bleed\n    \n      \n      \n    \n    \n    \n    horizontal-alignment--center\n    vertical-alignment--middle\n    \n       has-background\n    \n    \n    light'\n  \n  data-section-id=\"614f24dae618cb0349147c23\"\n  \n  data-controller=\"SectionWrapperController\"\n  data-current-styles=\"{\n  &quot;backgroundImage&quot;: {\n    &quot;id&quot;: &quot;614f24dae618cb0349147c1d&quot;,\n    &quot;recordType&quot;: 2,\n    &quot;addedOn&quot;: 1594305693640,\n    &quot;updatedOn&quot;: 1600947621335,\n    &quot;starred&quot;: false,\n    &quot;passthrough&quot;: false,\n    &quot;workflowState&quot;: 1,\n    &quot;publishOn&quot;: 1594305693640,\n    &quot;authorId&quot;: &quot;52c593bbe4b00cec3179afb7&quot;,\n    &quot;systemDataId&quot;: &quot;1600947589136-LJ4BEKLMQP0V67WWESCZ&quot;,\n    &quot;systemDataVariants&quot;: &quot;2500x1174,100w,300w,500w,750w,1000w,1500w,2500w&quot;,\n    &quot;systemDataSourceType&quot;: &quot;JPG&quot;,\n    &quot;filename&quot;: &quot;Stocksy_comp_1179747.jpg&quot;,\n    &quot;mediaFocalPoint&quot;: {\n      &quot;x&quot;: 0.5,\n      &quot;y&quot;: 0.5,\n      &quot;source&quot;: 3\n    },\n    &quot;colorData&quot;: {\n      &quot;topLeftAverage&quot;: &quot;ccb5ad&quot;,\n      &quot;topRightAverage&quot;: &quot;9c979f&quot;,\n      &quot;bottomLeftAverage&quot;: &quot;bbaca9&quot;,\n      &quot;bottomRightAverage&quot;: &quot;918b87&quot;,\n      &quot;centerAverage&quot;: &quot;c4bbbb&quot;,\n      &quot;suggestedBgColor&quot;: &quot;ceb6af&quot;\n    },\n    &quot;urlId&quot;: &quot;xxgn9ype8hv67rbv4f20bto8si6zuk-ghfk9-dm7en&quot;,\n    &quot;title&quot;: &quot;&quot;,\n    &quot;body&quot;: null,\n    &quot;likeCount&quot;: 0,\n    &quot;commentCount&quot;: 0,\n    &quot;publicCommentCount&quot;: 0,\n    &quot;commentState&quot;: 2,\n    &quot;unsaved&quot;: false,\n    &quot;author&quot;: {\n      &quot;id&quot;: &quot;52c593bbe4b00cec3179afb7&quot;,\n      &quot;displayName&quot;: &quot;ALINE LANDREAU&quot;,\n      &quot;firstName&quot;: &quot;ALINE&quot;,\n      &quot;lastName&quot;: &quot;LANDREAU&quot;,\n      &quot;websiteUrl&quot;: &quot;&quot;,\n      &quot;bio&quot;: &quot;&quot;\n    },\n    &quot;assetUrl&quot;: &quot;https:\/\/images.squarespace-cdn.com\/content\/v1\/5f6c84daf84a6b5247ea1028\/1600947589136-LJ4BEKLMQP0V67WWESCZ\/Stocksy_comp_1179747.jpg&quot;,\n    &quot;contentType&quot;: &quot;image\/jpeg&quot;,\n    &quot;items&quot;: [ ],\n    &quot;pushedServices&quot;: { },\n    &quot;pendingPushedServices&quot;: { },\n    &quot;originalSize&quot;: &quot;2500x1174&quot;,\n    &quot;recordTypeLabel&quot;: &quot;image&quot;\n  },\n  &quot;imageOverlayOpacity&quot;: 0.0,\n  &quot;backgroundWidth&quot;: &quot;background-width--full-bleed&quot;,\n  &quot;sectionHeight&quot;: &quot;section-height--custom&quot;,\n  &quot;customSectionHeight&quot;: 77,\n  &quot;horizontalAlignment&quot;: &quot;horizontal-alignment--center&quot;,\n  &quot;verticalAlignment&quot;: &quot;vertical-alignment--middle&quot;,\n  &quot;contentWidth&quot;: &quot;content-width--custom&quot;,\n  &quot;customContentWidth&quot;: 93,\n  &quot;sectionTheme&quot;: &quot;light&quot;,\n  &quot;sectionAnimation&quot;: &quot;none&quot;,\n  &quot;backgroundMode&quot;: &quot;image&quot;\n}\"\n  data-current-context=\"{\n  &quot;video&quot;: {\n    &quot;playbackSpeed&quot;: 0.5,\n    &quot;filter&quot;: 1,\n    &quot;filterStrength&quot;: 0,\n    &quot;zoom&quot;: 0,\n    &quot;videoSourceProvider&quot;: &quot;none&quot;\n  },\n  &quot;backgroundImageId&quot;: null,\n  &quot;backgroundMediaEffect&quot;: null,\n  &quot;divider&quot;: null,\n  &quot;typeName&quot;: null\n}\"\n  data-animation=\"none\"\n  \n   \n  \n     style=\"min-height: 77vh;\" \n  \n  \n><\/p>\n<div\n    class=\"section-border\"\n    \n  ><\/p>\n<div class=\"section-background\">\n<p><img alt=\"\" src=\"https:\/\/images.squarespace-cdn.com\/content\/v1\/5f6c84daf84a6b5247ea1028\/1600947589136-LJ4BEKLMQP0V67WWESCZ\/Stocksy_comp_1179747.jpg\" data-image=\"https:\/\/images.squarespace-cdn.com\/content\/v1\/5f6c84daf84a6b5247ea1028\/1600947589136-LJ4BEKLMQP0V67WWESCZ\/Stocksy_comp_1179747.jpg\" data-image-dimensions=\"2500x1174\" data-image-focal-point=\"0.5,0.5\" alt=\"Stocksy_comp_1179747.jpg\" data-load=\"false\" elementtiming=\"nbf-background\" src=\"https:\/\/images.squarespace-cdn.com\/content\/v1\/5f6c84daf84a6b5247ea1028\/1600947589136-LJ4BEKLMQP0V67WWESCZ\/Stocksy_comp_1179747.jpg\" width=\"2500\" height=\"1174\" alt=\"\" sizes=\"auto, (max-width: 799px) 200vw, 100vw\" style=\"display:block;object-position: 50% 50%\" srcset=\"https:\/\/images.squarespace-cdn.com\/content\/v1\/5f6c84daf84a6b5247ea1028\/1600947589136-LJ4BEKLMQP0V67WWESCZ\/Stocksy_comp_1179747.jpg?format=100w 100w, https:\/\/images.squarespace-cdn.com\/content\/v1\/5f6c84daf84a6b5247ea1028\/1600947589136-LJ4BEKLMQP0V67WWESCZ\/Stocksy_comp_1179747.jpg?format=300w 300w, https:\/\/images.squarespace-cdn.com\/content\/v1\/5f6c84daf84a6b5247ea1028\/1600947589136-LJ4BEKLMQP0V67WWESCZ\/Stocksy_comp_1179747.jpg?format=500w 500w, https:\/\/images.squarespace-cdn.com\/content\/v1\/5f6c84daf84a6b5247ea1028\/1600947589136-LJ4BEKLMQP0V67WWESCZ\/Stocksy_comp_1179747.jpg?format=750w 750w, https:\/\/images.squarespace-cdn.com\/content\/v1\/5f6c84daf84a6b5247ea1028\/1600947589136-LJ4BEKLMQP0V67WWESCZ\/Stocksy_comp_1179747.jpg?format=1000w 1000w, https:\/\/images.squarespace-cdn.com\/content\/v1\/5f6c84daf84a6b5247ea1028\/1600947589136-LJ4BEKLMQP0V67WWESCZ\/Stocksy_comp_1179747.jpg?format=1500w 1500w, https:\/\/images.squarespace-cdn.com\/content\/v1\/5f6c84daf84a6b5247ea1028\/1600947589136-LJ4BEKLMQP0V67WWESCZ\/Stocksy_comp_1179747.jpg?format=2500w 2500w\" fetchpriority=\"low\" loading=\"lazy\" decoding=\"async\" data-loader=\"sqs\"><\/p>\n<div class=\"section-background-overlay\" style=\"opacity: 0;\"><\/div>\n<\/p><\/div>\n<\/p><\/div>\n<div\n    class='content-wrapper'\n    style='\n      \n        \n          \n          \n          padding-top: calc(77vmax \/ 10); padding-bottom: calc(77vmax \/ 10);\n        \n      \n    '\n  ><\/p>\n<div\n      class=\"content\"\n       style=\"width: 93%;\" \n    ><\/p>\n<div class=\"sqs-layout sqs-grid-12 columns-12\" data-type=\"page-section\" id=\"page-section-614f24dae618cb0349147c23\">\n<div class=\"row sqs-row\">\n<div class=\"col sqs-col-12 span-12\">\n<div class=\"sqs-block html-block sqs-block-html\" data-block-type=\"2\" id=\"block-9f85893c63c667dd94b5\">\n<div class=\"sqs-block-content\">\n<div class=\"sqs-html-content\">\n<h1 style=\"text-align:center;white-space:pre-wrap;\">\u2014<\/h1>\n<h1 style=\"text-align:center;white-space:pre-wrap;\">Un ancrage<\/h1>\n<h1 style=\"text-align:center;white-space:pre-wrap;\"><em>pour le corps et l\u2019esprit<\/em><\/h1>\n<h1 style=\"text-align:center;white-space:pre-wrap;\"><em>\u2014<\/em><\/h1>\n<\/div>\n<\/div>\n<\/div>\n<\/div>\n<\/div>\n<\/div><\/div>\n<\/p><\/div>\n<\/section>\n<section\n  data-test=\"page-section\"\n  \n  data-section-theme=\"white-bold\"\n  class='page-section \n    \n      layout-engine-section\n    \n    background-width--full-bleed\n    \n      section-height--small\n    \n    \n    \n    horizontal-alignment--center\n    vertical-alignment--middle\n    \n      \n    \n    \n    white-bold'\n  \n  data-section-id=\"614f24dae618cb0349147c25\"\n  \n  data-controller=\"SectionWrapperController\"\n  data-current-styles=\"{\n  &quot;imageOverlayOpacity&quot;: 0.15,\n  &quot;backgroundWidth&quot;: &quot;background-width--full-bleed&quot;,\n  &quot;sectionHeight&quot;: &quot;section-height--small&quot;,\n  &quot;horizontalAlignment&quot;: &quot;horizontal-alignment--center&quot;,\n  &quot;verticalAlignment&quot;: &quot;vertical-alignment--middle&quot;,\n  &quot;contentWidth&quot;: &quot;content-width--custom&quot;,\n  &quot;customContentWidth&quot;: 100,\n  &quot;sectionTheme&quot;: &quot;white-bold&quot;,\n  &quot;sectionAnimation&quot;: &quot;none&quot;,\n  &quot;backgroundMode&quot;: &quot;image&quot;\n}\"\n  data-current-context=\"{\n  &quot;video&quot;: {\n    &quot;playbackSpeed&quot;: 0.5,\n    &quot;filter&quot;: 1,\n    &quot;filterStrength&quot;: 0,\n    &quot;zoom&quot;: 0,\n    &quot;videoSourceProvider&quot;: &quot;none&quot;\n  },\n  &quot;backgroundImageId&quot;: null,\n  &quot;backgroundMediaEffect&quot;: null,\n  &quot;divider&quot;: null,\n  &quot;typeName&quot;: null\n}\"\n  data-animation=\"none\"\n  \n   \n  \n  \n><\/p>\n<div\n    class=\"section-border\"\n    \n  ><\/p>\n<div class=\"section-background\"><\/div>\n<\/p><\/div>\n<div\n    class='content-wrapper'\n    style='\n      \n        \n      \n    '\n  ><\/p>\n<div\n      class=\"content\"\n       style=\"width: 100%;\" \n    ><\/p>\n<div class=\"sqs-layout sqs-grid-12 columns-12\" data-type=\"page-section\" id=\"page-section-614f24dae618cb0349147c25\">\n<div class=\"row sqs-row\">\n<div class=\"col sqs-col-12 span-12\">\n<div class=\"row sqs-row\">\n<div class=\"col sqs-col-9 span-9\">\n<div class=\"sqs-block html-block sqs-block-html\" data-block-type=\"2\" id=\"block-4dd22ebb67cf880ecb9b\">\n<div class=\"sqs-block-content\">\n<div class=\"sqs-html-content\">\n<p class=\"sqsrte-large\" style=\"white-space:pre-wrap;\">Tout commence par une id\u00e9e. Peut-\u00eatre voulez-vous cr\u00e9er une entreprise. Peut-\u00eatre voulez-vous donner une nouvelle dimension \u00e0 un passe-temps. Ou peut-\u00eatre avez-vous un projet cr\u00e9atif que vous souhaitez partager avec le monde. Quel que soit le cas, la fa\u00e7on dont vous racontez votre histoire en ligne peut faire toute la diff\u00e9rence.<\/p>\n<\/div>\n<\/div>\n<\/div>\n<\/div>\n<div class=\"col sqs-col-3 span-3\">\n<div class=\"sqs-block spacer-block sqs-block-spacer sized vsize-1\" data-block-type=\"21\" id=\"block-b046ae3da39d49213bb6\">\n<div class=\"sqs-block-content\">&nbsp;<\/div>\n<\/div>\n<\/div>\n<\/div>\n<div class=\"sqs-block spacer-block sqs-block-spacer sized vsize-1\" data-block-type=\"21\" id=\"block-aecf69f6dd9454d4c790\">\n<div class=\"sqs-block-content\">&nbsp;<\/div>\n<\/div>\n<div class=\"row sqs-row\">\n<div class=\"col sqs-col-4 span-4\">\n<div class=\"sqs-block html-block sqs-block-html\" data-block-type=\"2\" id=\"block-70649aa9e403e9abd5ed\">\n<div class=\"sqs-block-content\">\n<div class=\"sqs-html-content\">\n<p class=\"\" style=\"white-space:pre-wrap;\">xxx<\/p>\n<p class=\"sqsrte-small\" style=\"white-space:pre-wrap;\">Ne vous souciez pas d&rsquo;avoir l&rsquo;air professionnel. Soyez vous-m\u00eame. Il y a plus d&rsquo;1,5&nbsp;milliard de sites web.<\/p>\n<\/div>\n<\/div>\n<\/div>\n<\/div>\n<div class=\"col sqs-col-4 span-4\">\n<div class=\"sqs-block html-block sqs-block-html\" data-block-type=\"2\" id=\"block-ad7aa6d8fc2f2d98e1b5\">\n<div class=\"sqs-block-content\">\n<div class=\"sqs-html-content\">\n<p class=\"\" style=\"white-space:pre-wrap;\">xx<\/p>\n<p class=\"sqsrte-small\" style=\"white-space:pre-wrap;\">Ne vous souciez pas d&rsquo;avoir l&rsquo;air professionnel. Soyez vous-m\u00eame. Il y a plus d&rsquo;1,5&nbsp;milliard de sites web,<\/p>\n<\/div>\n<\/div>\n<\/div>\n<\/div>\n<div class=\"col sqs-col-4 span-4\">\n<div class=\"sqs-block html-block sqs-block-html\" data-block-type=\"2\" id=\"block-4c40f8511326f3127417\">\n<div class=\"sqs-block-content\">\n<div class=\"sqs-html-content\">\n<p class=\"\" style=\"white-space:pre-wrap;\">xxx<\/p>\n<p class=\"sqsrte-small\" style=\"white-space:pre-wrap;\">Soyez clair(e), soyez confiant(e) et n&rsquo;y r\u00e9fl\u00e9chissez pas trop. La beaut\u00e9 de votre histoire, c&rsquo;est qu&rsquo;elle va continuer \u00e0 \u00e9voluer<\/p>\n<\/div>\n<\/div>\n<\/div>\n<\/div>\n<\/div>\n<div class=\"sqs-block spacer-block sqs-block-spacer sized vsize-1\" data-block-type=\"21\" id=\"block-90b3e5d7682b3d87398d\">\n<div class=\"sqs-block-content\">&nbsp;<\/div>\n<\/div>\n<div class=\"row sqs-row\">\n<div class=\"col sqs-col-4 span-4\">\n<div class=\"sqs-block html-block sqs-block-html\" data-block-type=\"2\" id=\"block-ab067a8a2a623e57344d\">\n<div class=\"sqs-block-content\">\n<div class=\"sqs-html-content\">\n<p class=\"\" style=\"white-space:pre-wrap;\">xxx<\/p>\n<p class=\"sqsrte-small\" style=\"white-space:pre-wrap;\">Ne vous souciez pas d&rsquo;avoir l&rsquo;air professionnel. Soyez vous-m\u00eame. Il y a plus d&rsquo;1,5&nbsp;milliard de sites web.<\/p>\n<\/div>\n<\/div>\n<\/div>\n<\/div>\n<div class=\"col sqs-col-4 span-4\">\n<div class=\"sqs-block html-block sqs-block-html\" data-block-type=\"2\" id=\"block-a4f4529f379a692e151d\">\n<div class=\"sqs-block-content\">\n<div class=\"sqs-html-content\">\n<p class=\"\" style=\"white-space:pre-wrap;\">xxx<\/p>\n<p class=\"sqsrte-small\" style=\"white-space:pre-wrap;\">Ne vous souciez pas d&rsquo;avoir l&rsquo;air professionnel. Soyez vous-m\u00eame. Il y a plus d&rsquo;1,5&nbsp;milliard de sites web.<\/p>\n<\/div>\n<\/div>\n<\/div>\n<\/div>\n<div class=\"col sqs-col-4 span-4\">\n<div class=\"sqs-block html-block sqs-block-html\" data-block-type=\"2\" id=\"block-099b85ff919f6f3b7974\">\n<div class=\"sqs-block-content\">\n<div class=\"sqs-html-content\">\n<p class=\"\" style=\"white-space:pre-wrap;\">xx<\/p>\n<p class=\"sqsrte-small\" style=\"white-space:pre-wrap;\">Ne vous souciez pas d&rsquo;avoir l&rsquo;air professionnel. Soyez vous-m\u00eame. Il y a plus d&rsquo;1,5&nbsp;milliard de sites web.<\/p>\n<\/div>\n<\/div>\n<\/div>\n<\/div>\n<\/div>\n<div class=\"sqs-block spacer-block sqs-block-spacer sized vsize-1\" data-block-type=\"21\" id=\"block-f2e4126b40f522ae403e\">\n<div class=\"sqs-block-content\">&nbsp;<\/div>\n<\/div>\n<\/div>\n<\/div>\n<\/div><\/div>\n<\/p><\/div>\n<\/section>\n<\/article>\n","protected":false},"excerpt":{"rendered":"<p>Bruno Guigue \u00e9labore ses structures depuis 2010. Acupuncteur, praticien depuis 25 ans en \u00e9nerg\u00e9tique traditionnelle chinoise et occidentale. Peut-\u00eatre voulez-vous cr\u00e9er une entreprise. Peut-\u00eatre voulez-vous donner une nouvelle dimension \u00e0 un passe-temps. Ou peut-\u00eatre avez-vous un projet cr\u00e9atif que vous souhaitez partager avec le monde. Quel que soit votre cas, la fa\u00e7on dont vous racontez [&hellip;]<\/p>\n","protected":false},"author":1,"featured_media":0,"parent":0,"menu_order":0,"comment_status":"closed","ping_status":"closed","template":"","meta":{"footnotes":""},"class_list":["post-19","page","type-page","status-publish","hentry"],"_links":{"self":[{"href":"https:\/\/compassionate-davinci.51-158-60-45.plesk.page\/index.php?rest_route=\/wp\/v2\/pages\/19","targetHints":{"allow":["GET"]}}],"collection":[{"href":"https:\/\/compassionate-davinci.51-158-60-45.plesk.page\/index.php?rest_route=\/wp\/v2\/pages"}],"about":[{"href":"https:\/\/compassionate-davinci.51-158-60-45.plesk.page\/index.php?rest_route=\/wp\/v2\/types\/page"}],"author":[{"embeddable":true,"href":"https:\/\/compassionate-davinci.51-158-60-45.plesk.page\/index.php?rest_route=\/wp\/v2\/users\/1"}],"replies":[{"embeddable":true,"href":"https:\/\/compassionate-davinci.51-158-60-45.plesk.page\/index.php?rest_route=%2Fwp%2Fv2%2Fcomments&post=19"}],"version-history":[{"count":0,"href":"https:\/\/compassionate-davinci.51-158-60-45.plesk.page\/index.php?rest_route=\/wp\/v2\/pages\/19\/revisions"}],"wp:attachment":[{"href":"https:\/\/compassionate-davinci.51-158-60-45.plesk.page\/index.php?rest_route=%2Fwp%2Fv2%2Fmedia&parent=19"}],"curies":[{"name":"wp","href":"https:\/\/api.w.org\/{rel}","templated":true}]}}